{"id":88580,"date":"2021-03-18T14:13:41","date_gmt":"2021-03-18T13:13:41","guid":{"rendered":"https:\/\/undsgn.com\/uncode\/?page_id=88580"},"modified":"2024-10-17T10:47:46","modified_gmt":"2024-10-17T13:47:46","slug":"quem-sou-2","status":"publish","type":"page","link":"https:\/\/drfeliperamalhocardio.com.br\/?page_id=88580","title":{"rendered":"Cardiologia"},"content":{"rendered":"<p>[vc_row row_height_percent=&#8221;46&#8243; back_color=&#8221;accent&#8221; back_image=&#8221;103401&#8243; back_position=&#8221;center center&#8221; parallax=&#8221;yes&#8221; overlay_color=&#8221;accent&#8221; overlay_alpha=&#8221;89&#8243; gutter_size=&#8221;3&#8243; column_width_percent=&#8221;100&#8243; shift_y=&#8221;0&#8243; z_index=&#8221;0&#8243; top_divider=&#8221;gradient&#8221; uncode_shortcode_id=&#8221;193529&#8243; back_color_type=&#8221;uncode-palette&#8221; overlay_color_type=&#8221;uncode-palette&#8221;][vc_column column_width_use_pixel=&#8221;yes&#8221; position_vertical=&#8221;middle&#8221; align_horizontal=&#8221;align_center&#8221; gutter_size=&#8221;2&#8243; style=&#8221;dark&#8221; overlay_alpha=&#8221;50&#8243; shift_x=&#8221;0&#8243; shift_y=&#8221;0&#8243; shift_y_down=&#8221;0&#8243; z_index=&#8221;0&#8243; medium_width=&#8221;0&#8243; mobile_width=&#8221;0&#8243; width=&#8221;1\/1&#8243; column_width_pixel=&#8221;900&#8243;][vc_empty_space empty_h=&#8221;3&#8243;][vc_custom_heading text_size=&#8221;h1&#8243; uncode_shortcode_id=&#8221;231948&#8243;]CARDIOLOGIA[\/vc_custom_heading][\/vc_column][\/vc_row][vc_row row_height_percent=&#8221;0&#8243; override_padding=&#8221;yes&#8221; h_padding=&#8221;2&#8243; top_padding=&#8221;5&#8243; bottom_padding=&#8221;5&#8243; back_color=&#8221;color-lxmt&#8221; overlay_alpha=&#8221;50&#8243; gutter_size=&#8221;4&#8243; column_width_percent=&#8221;100&#8243; shift_y=&#8221;0&#8243; z_index=&#8221;0&#8243;][vc_column column_width_percent=&#8221;100&#8243; gutter_size=&#8221;3&#8243; overlay_alpha=&#8221;50&#8243; shift_x=&#8221;0&#8243; shift_y=&#8221;0&#8243; shift_y_down=&#8221;0&#8243; z_index=&#8221;0&#8243; medium_width=&#8221;3&#8243; mobile_width=&#8221;0&#8243; width=&#8221;1\/1&#8243; uncode_shortcode_id=&#8221;132798&#8243;][vc_column_text uncode_shortcode_id=&#8221;111171&#8243;]<\/p>\n<p class=\"p1\"><span class=\"s1\">A Cardiologia \u00e9 a especialidade m\u00e9dica que cuida da sa\u00fade do cora\u00e7\u00e3o e dos vasos sangu\u00edneos. Nosso cora\u00e7\u00e3o \u00e9 como o motor do nosso corpo, trabalhando constantemente para bombear sangue e fornecer oxig\u00eanio a todos os \u00f3rg\u00e3os. Quando ele funciona bem, nos sentimos cheios de energia e vitalidade. Mas quando algo n\u00e3o vai bem com o cora\u00e7\u00e3o, pode afetar nossa qualidade de vida e at\u00e9 colocar nossa sa\u00fade em risco.<\/span><\/p>\n<p class=\"p1\"><span class=\"s1\">O cardiologista \u00e9 o m\u00e9dico especializado na sa\u00fade do cora\u00e7\u00e3o e n\u00e3o apenas nas doen\u00e7as do cora\u00e7\u00e3o.\u00a0 Cuido do cora\u00e7\u00e3o para que ele continue batendo forte e saud\u00e1vel, ajudando voc\u00ea a viver melhor e por mais tempo.<\/span><\/p>\n<p class=\"p1\"><span class=\"s1\">As doen\u00e7as do cora\u00e7\u00e3o s\u00e3o uma das principais causas de morte no mundo, mas muitas delas podem ser prevenidas ou tratadas se diagnosticadas a tempo. \u00c9 a\u00ed que entra o papel do cardiologista. Muitas pessoas acreditam que s\u00f3 devem procurar um cardiologista quando est\u00e3o com algum problema de sa\u00fade evidente. No entanto, a preven\u00e7\u00e3o \u00e9 o melhor caminho para cuidar do cora\u00e7\u00e3o. \u00c9 necess\u00e1rio cuidar do seu cora\u00e7\u00e3o desde cedo, enquanto ele ainda est\u00e1 saud\u00e1vel, porque \u00e9 assim que quero mant\u00ea-lo.\u00a0<\/span><\/p>\n<p class=\"p1\"><span class=\"s1\"><b>Quem deve procurar o cardiologista?<\/b><\/span><\/p>\n<p class=\"p1\"><span class=\"s1\">Pessoas com fatores de risco como hist\u00f3rico familiar de doen\u00e7as card\u00edacas, press\u00e3o alta, colesterol elevado, diabetes, sedentarismo, obesidade, ou fumantes, devem buscar a orienta\u00e7\u00e3o de um cardiologista mesmo sem apresentar sintomas. Isso pode ajudar a prevenir complica\u00e7\u00f5es futuras e melhorar a qualidade de vida.<\/span><\/p>\n<p class=\"p1\"><span class=\"s1\">Al\u00e9m disso, h\u00e1 alguns sinais de alerta que indicam que \u00e9 hora de procurar um cardiologista o quanto antes. Se voc\u00ea sentir dor no peito, cansa\u00e7o excessivo ao realizar tarefas simples, falta de ar, tontura, palpita\u00e7\u00f5es (sensa\u00e7\u00e3o de cora\u00e7\u00e3o acelerado ou descompassado) ou incha\u00e7o nos p\u00e9s e tornozelos, \u00e9 essencial agendar uma consulta. Esses sintomas podem ser sinais de que o seu cora\u00e7\u00e3o precisa de cuidados.<\/span><\/p>\n<p class=\"p3\"><span class=\"s1\"><b>Como posso ajudar voc\u00ea?<\/b><\/span><\/p>\n<p class=\"p1\"><span class=\"s1\">No consult\u00f3rio, solicito exames especializados e tratamentos modernos para garantir que o seu cora\u00e7\u00e3o esteja sempre no melhor estado poss\u00edvel.\u00a0<\/span><\/p>\n<p class=\"p1\"><span class=\"s1\">Enfatizo sempre em minhas consultas a necessidade de mudan\u00e7as no estilo de vida, como orienta\u00e7\u00f5es sobre dieta , sono e exerc\u00edcios, al\u00e9m do uso de medica\u00e7\u00f5es para controlar problemas como press\u00e3o alta, colesterol ou insufici\u00eancia card\u00edaca.<\/span><\/p>\n<p class=\"p1\"><span class=\"s1\">Al\u00e9m disso, trabalho na preven\u00e7\u00e3o, para que problemas futuros possam ser evitados com mudan\u00e7as no estilo de vida e acompanhamento m\u00e9dico regular.<\/span><\/p>\n<p>[\/vc_column_text][\/vc_column][\/vc_row]<\/p>\n","protected":false},"excerpt":{"rendered":"<p>[vc_row row_height_percent=&#8221;46&#8243; back_color=&#8221;accent&#8221; back_image=&#8221;103401&#8243; back_position=&#8221;center center&#8221; parallax=&#8221;yes&#8221; overlay_color=&#8221;accent&#8221; overlay_alpha=&#8221;89&#8243; gutter_size=&#8221;3&#8243; column_width_percent=&#8221;100&#8243; shift_y=&#8221;0&#8243; z_index=&#8221;0&#8243; top_divider=&#8221;gradient&#8221; uncode_shortcode_id=&#8221;193529&#8243; back_color_type=&#8221;uncode-palette&#8221; overlay_color_type=&#8221;uncode-palette&#8221;][vc_column column_width_use_pixel=&#8221;yes&#8221; position_vertical=&#8221;middle&#8221; align_horizontal=&#8221;align_center&#8221; [&hellip;]<\/p>\n","protected":false},"author":1,"featured_media":0,"parent":0,"menu_order":0,"comment_status":"closed","ping_status":"closed","template":"","meta":{"footnotes":""},"class_list":["post-88580","page","type-page","status-publish","hentry"],"_links":{"self":[{"href":"https:\/\/drfeliperamalhocardio.com.br\/index.php?rest_route=\/wp\/v2\/pages\/88580","targetHints":{"allow":["GET"]}}],"collection":[{"href":"https:\/\/drfeliperamalhocardio.com.br\/index.php?rest_route=\/wp\/v2\/pages"}],"about":[{"href":"https:\/\/drfeliperamalhocardio.com.br\/index.php?rest_route=\/wp\/v2\/types\/page"}],"author":[{"embeddable":true,"href":"https:\/\/drfeliperamalhocardio.com.br\/index.php?rest_route=\/wp\/v2\/users\/1"}],"replies":[{"embeddable":true,"href":"https:\/\/drfeliperamalhocardio.com.br\/index.php?rest_route=%2Fwp%2Fv2%2Fcomments&post=88580"}],"version-history":[{"count":13,"href":"https:\/\/drfeliperamalhocardio.com.br\/index.php?rest_route=\/wp\/v2\/pages\/88580\/revisions"}],"predecessor-version":[{"id":103490,"href":"https:\/\/drfeliperamalhocardio.com.br\/index.php?rest_route=\/wp\/v2\/pages\/88580\/revisions\/103490"}],"wp:attachment":[{"href":"https:\/\/drfeliperamalhocardio.com.br\/index.php?rest_route=%2Fwp%2Fv2%2Fmedia&parent=88580"}],"curies":[{"name":"wp","href":"https:\/\/api.w.org\/{rel}","templated":true}]}}